{"id":4308,"date":"2024-03-28T16:27:17","date_gmt":"2024-03-28T15:27:17","guid":{"rendered":"http:\/\/www.elida-frensdorf.de\/?page_id=4308"},"modified":"2024-03-29T15:17:25","modified_gmt":"2024-03-29T14:17:25","slug":"ueber-uns-neu","status":"publish","type":"page","link":"https:\/\/www.elida-frensdorf.de\/?page_id=4308","title":{"rendered":"\u00dcber uns- Neu"},"content":{"rendered":"\t\t<div data-elementor-type=\"wp-page\" data-elementor-id=\"4308\" class=\"elementor elementor-4308\">\n\t\t\t\t<div class=\"elementor-element elementor-element-819985a e-flex e-con-boxed e-con e-parent\" data-id=\"819985a\" data-element_type=\"container\" data-core-v316-plus=\"true\">\n\t\t\t\t\t<div class=\"e-con-inner\">\n\t\t\t\t<div class=\"elementor-element elementor-element-d6ff1cd elementor-widget elementor-widget-spacer\" data-id=\"d6ff1cd\" data-element_type=\"widget\" data-widget_type=\"spacer.default\">\n\t\t\t\t<div class=\"elementor-widget-container\">\n\t\t\t<style>\/*! elementor - v3.20.0 - 26-03-2024 *\/\n.elementor-column .elementor-spacer-inner{height:var(--spacer-size)}.e-con{--container-widget-width:100%}.e-con-inner>.elementor-widget-spacer,.e-con>.elementor-widget-spacer{width:var(--container-widget-width,var(--spacer-size));--align-self:var(--container-widget-align-self,initial);--flex-shrink:0}.e-con-inner>.elementor-widget-spacer>.elementor-widget-container,.e-con>.elementor-widget-spacer>.elementor-widget-container{height:100%;width:100%}.e-con-inner>.elementor-widget-spacer>.elementor-widget-container>.elementor-spacer,.e-con>.elementor-widget-spacer>.elementor-widget-container>.elementor-spacer{height:100%}.e-con-inner>.elementor-widget-spacer>.elementor-widget-container>.elementor-spacer>.elementor-spacer-inner,.e-con>.elementor-widget-spacer>.elementor-widget-container>.elementor-spacer>.elementor-spacer-inner{height:var(--container-widget-height,var(--spacer-size))}.e-con-inner>.elementor-widget-spacer.elementor-widget-empty,.e-con>.elementor-widget-spacer.elementor-widget-empty{position:relative;min-height:22px;min-width:22px}.e-con-inner>.elementor-widget-spacer.elementor-widget-empty .elementor-widget-empty-icon,.e-con>.elementor-widget-spacer.elementor-widget-empty .elementor-widget-empty-icon{position:absolute;top:0;bottom:0;left:0;right:0;margin:auto;padding:0;width:22px;height:22px}<\/style>\t\t<div class=\"elementor-spacer\">\n\t\t\t<div class=\"elementor-spacer-inner\"><\/div>\n\t\t<\/div>\n\t\t\t\t<\/div>\n\t\t\t\t<\/div>\n\t\t<div class=\"elementor-element elementor-element-b0bed53 e-con-full e-flex e-con e-child\" data-id=\"b0bed53\" data-element_type=\"container\">\n\t\t\t\t<div class=\"elementor-element elementor-element-a5b0e99 elementor-widget elementor-widget-heading\" data-id=\"a5b0e99\" data-element_type=\"widget\" data-widget_type=\"heading.default\">\n\t\t\t\t<div class=\"elementor-widget-container\">\n\t\t\t<style>\/*! elementor - v3.20.0 - 26-03-2024 *\/\n.elementor-heading-title{padding:0;margin:0;line-height:1}.elementor-widget-heading .elementor-heading-title[class*=elementor-size-]>a{color:inherit;font-size:inherit;line-height:inherit}.elementor-widget-heading .elementor-heading-title.elementor-size-small{font-size:15px}.elementor-widget-heading .elementor-heading-title.elementor-size-medium{font-size:19px}.elementor-widget-heading .elementor-heading-title.elementor-size-large{font-size:29px}.elementor-widget-heading .elementor-heading-title.elementor-size-xl{font-size:39px}.elementor-widget-heading .elementor-heading-title.elementor-size-xxl{font-size:59px}<\/style><h1 class=\"elementor-heading-title elementor-size-default\">\u00dcber uns<\/h1>\t\t<\/div>\n\t\t\t\t<\/div>\n\t\t\t\t<div class=\"elementor-element elementor-element-eda40a3 elementor-widget elementor-widget-text-editor\" data-id=\"eda40a3\" data-element_type=\"widget\" data-widget_type=\"text-editor.default\">\n\t\t\t\t<div class=\"elementor-widget-container\">\n\t\t\t<style>\/*! elementor - v3.20.0 - 26-03-2024 *\/\n.elementor-widget-text-editor.elementor-drop-cap-view-stacked .elementor-drop-cap{background-color:#69727d;color:#fff}.elementor-widget-text-editor.elementor-drop-cap-view-framed .elementor-drop-cap{color:#69727d;border:3px solid;background-color:transparent}.elementor-widget-text-editor:not(.elementor-drop-cap-view-default) .elementor-drop-cap{margin-top:8px}.elementor-widget-text-editor:not(.elementor-drop-cap-view-default) .elementor-drop-cap-letter{width:1em;height:1em}.elementor-widget-text-editor .elementor-drop-cap{float:left;text-align:center;line-height:1;font-size:50px}.elementor-widget-text-editor .elementor-drop-cap-letter{display:inline-block}<\/style>\t\t\t\t<p>Wir sind ein kleines, charmantes Restaurant mit gegen\u00fcberliegendem Eiscaf\u00e9. Das Restaurant umfasst 40 Personen und ist im mediterranen Stil eingerichtet. Im Sommer k\u00f6nnen Sie unsere Gerichte auch auf unserer gem\u00fctlichen Terrasse genie\u00dfen.<br \/><br \/>In unserer Pizzeria k\u00f6nnen Sie sich leckere italienische Gerichte in stimmungsvoller Umgebung schmecken lassen.<br \/><br \/>Von M\u00e4rz bis September erhalten Sie hausgemachte Eiskreationen in unserem Eiscaf\u00e9.<br \/><br \/>Zur Herstellung unserer Speisen verwenden wir ausschlie\u00dflich hochwertige Zutaten, zum Beispiel reinen Milchk\u00e4se (Edamer 30%), Hinterschinken, frische Champignons, etc.<\/p><p>\u00a0<\/p><p>\u00a0<\/p>\t\t\t\t\t\t<\/div>\n\t\t\t\t<\/div>\n\t\t\t\t<\/div>\n\t\t<div class=\"elementor-element elementor-element-dc67dfd e-con-full e-flex e-con e-child\" data-id=\"dc67dfd\" data-element_type=\"container\">\n\t\t\t\t<div class=\"elementor-element elementor-element-3fd7823 elementor-widget elementor-widget-image\" data-id=\"3fd7823\" data-element_type=\"widget\" data-widget_type=\"image.default\">\n\t\t\t\t<div class=\"elementor-widget-container\">\n\t\t\t<style>\/*! elementor - v3.20.0 - 26-03-2024 *\/\n.elementor-widget-image{text-align:center}.elementor-widget-image a{display:inline-block}.elementor-widget-image a img[src$=\".svg\"]{width:48px}.elementor-widget-image img{vertical-align:middle;display:inline-block}<\/style>\t\t\t\t\t\t\t\t\t\t<img fetchpriority=\"high\" decoding=\"async\" width=\"768\" height=\"986\" src=\"https:\/\/www.elida-frensdorf.de\/wp-content\/uploads\/2024\/03\/1a84377e-564d-49d8-97e5-c14eec6b5565-768x986.jpg\" class=\"attachment-medium_large size-medium_large wp-image-4420\" alt=\"\" srcset=\"https:\/\/www.elida-frensdorf.de\/wp-content\/uploads\/2024\/03\/1a84377e-564d-49d8-97e5-c14eec6b5565-768x986.jpg 768w, https:\/\/www.elida-frensdorf.de\/wp-content\/uploads\/2024\/03\/1a84377e-564d-49d8-97e5-c14eec6b5565-234x300.jpg 234w, https:\/\/www.elida-frensdorf.de\/wp-content\/uploads\/2024\/03\/1a84377e-564d-49d8-97e5-c14eec6b5565-797x1024.jpg 797w, https:\/\/www.elida-frensdorf.de\/wp-content\/uploads\/2024\/03\/1a84377e-564d-49d8-97e5-c14eec6b5565.jpg 946w\" sizes=\"(max-width: 768px) 100vw, 768px\" \/>\t\t\t\t\t\t\t\t\t\t\t\t\t<\/div>\n\t\t\t\t<\/div>\n\t\t\t\t<\/div>\n\t\t\t\t\t<\/div>\n\t\t\t\t<\/div>\n\t\t<div class=\"elementor-element elementor-element-636a527 e-flex e-con-boxed e-con e-parent\" data-id=\"636a527\" data-element_type=\"container\" data-core-v316-plus=\"true\">\n\t\t\t\t\t<div class=\"e-con-inner\">\n\t\t\t\t<div class=\"elementor-element elementor-element-3daeef0 elementor-widget elementor-widget-heading\" data-id=\"3daeef0\" data-element_type=\"widget\" data-widget_type=\"heading.default\">\n\t\t\t\t<div class=\"elementor-widget-container\">\n\t\t\t<h1 class=\"elementor-heading-title elementor-size-default\">Team<\/h1>\t\t<\/div>\n\t\t\t\t<\/div>\n\t\t\t\t<div class=\"elementor-element elementor-element-74c6c03 elementor-widget elementor-widget-text-editor\" data-id=\"74c6c03\" data-element_type=\"widget\" data-widget_type=\"text-editor.default\">\n\t\t\t\t<div class=\"elementor-widget-container\">\n\t\t\t\t\t\t\t<p>Jeden Tag H\u00f6chstleistung, jede Stunde konzentriert, jede Minute gut abgestimmt \u2013 dies ist nur mit einem eingespielten Team zu realisieren. Wir freuen uns eine solche Mannschaft kreativer und engagierter Mitarbeiter in unseren Reihen zu haben. Gerne m\u00f6chten wir uns Ihnen einmal etwas n\u00e4her vorstellen:<br \/><br \/>Toni \u2013 Inhaber und Allrounder, ob in K\u00fcche, Service oder Eislabor \u2013 seine Kreativit\u00e4t kennt keine Grenzen.<br \/><br \/>Jeanette \u2013 Ehefrau und rechte Hand, die ihn in s\u00e4mtlichen Bereichen begleitet.<br \/><br \/>Unterst\u00fctzt werden die beiden durch zahlreiche Mitarbeiter, die neben Schule, Studium oder Beruf unser Restaurant durch Ihre Leidenschaft mitgestalten.<br \/><br \/>Sie stammen aus der Region und m\u00f6chten Teil unseres Teams werden? Dann kommen Sie vorbei und stellen sich vor. Wir freuen uns auf Sie.<\/p>\t\t\t\t\t\t<\/div>\n\t\t\t\t<\/div>\n\t\t\t\t<div class=\"elementor-element elementor-element-59bf2a6 elementor-widget elementor-widget-image\" data-id=\"59bf2a6\" data-element_type=\"widget\" data-widget_type=\"image.default\">\n\t\t\t\t<div class=\"elementor-widget-container\">\n\t\t\t\t\t\t\t\t\t\t\t\t\t<img decoding=\"async\" width=\"946\" height=\"694\" src=\"https:\/\/www.elida-frensdorf.de\/wp-content\/uploads\/2024\/03\/56fccbc3-947f-4085-95a6-e3c6c5e8642a.jpg\" class=\"attachment-large size-large wp-image-4419\" alt=\"\" srcset=\"https:\/\/www.elida-frensdorf.de\/wp-content\/uploads\/2024\/03\/56fccbc3-947f-4085-95a6-e3c6c5e8642a.jpg 946w, https:\/\/www.elida-frensdorf.de\/wp-content\/uploads\/2024\/03\/56fccbc3-947f-4085-95a6-e3c6c5e8642a-300x220.jpg 300w, https:\/\/www.elida-frensdorf.de\/wp-content\/uploads\/2024\/03\/56fccbc3-947f-4085-95a6-e3c6c5e8642a-768x563.jpg 768w\" sizes=\"(max-width: 946px) 100vw, 946px\" \/>\t\t\t\t\t\t\t\t\t\t\t\t\t<\/div>\n\t\t\t\t<\/div>\n\t\t\t\t\t<\/div>\n\t\t\t\t<\/div>\n\t\t\t\t<\/div>\n\t\t","protected":false},"excerpt":{"rendered":"<p>\u00dcber uns Wir sind ein kleines, charmantes Restaurant mit gegen\u00fcberliegendem Eiscaf\u00e9. Das Restaurant umfasst 40 Personen und ist im mediterranen [&hellip;]<\/p>\n","protected":false},"author":2,"featured_media":0,"parent":0,"menu_order":0,"comment_status":"closed","ping_status":"closed","template":"","meta":{"om_disable_all_campaigns":false,"_monsterinsights_skip_tracking":false,"_monsterinsights_sitenote_active":false,"_monsterinsights_sitenote_note":"","_monsterinsights_sitenote_category":0,"site-sidebar-layout":"no-sidebar","site-content-layout":"","ast-site-content-layout":"full-width-container","site-content-style":"default","site-sidebar-style":"default","ast-global-header-display":"","ast-banner-title-visibility":"","ast-main-header-display":"","ast-hfb-above-header-display":"","ast-hfb-below-header-display":"","ast-hfb-mobile-header-display":"","site-post-title":"disabled","ast-breadcrumbs-content":"","ast-featured-img":"disabled","footer-sml-layout":"","theme-transparent-header-meta":"","adv-header-id-meta":"","stick-header-meta":"","header-above-stick-meta":"","header-main-stick-meta":"","header-below-stick-meta":"","astra-migrate-meta-layouts":"default","ast-page-background-enabled":"default","ast-page-background-meta":{"desktop":{"background-color":"var(--ast-global-color-4)","background-image":"","background-repeat":"repeat","background-position":"center center","background-size":"auto","background-attachment":"scroll","background-type":"","background-media":"","overlay-type":"","overlay-color":"","overlay-gradient":""},"tablet":{"background-color":"","background-image":"","background-repeat":"repeat","background-position":"center center","background-size":"auto","background-attachment":"scroll","background-type":"","background-media":"","overlay-type":"","overlay-color":"","overlay-gradient":""},"mobile":{"background-color":"","background-image":"","background-repeat":"repeat","background-position":"center center","background-size":"auto","background-attachment":"scroll","background-type":"","background-media":"","overlay-type":"","overlay-color":"","overlay-gradient":""}},"ast-content-background-meta":{"desktop":{"background-color":"var(--ast-global-color-5)","background-image":"","background-repeat":"repeat","background-position":"center center","background-size":"auto","background-attachment":"scroll","background-type":"","background-media":"","overlay-type":"","overlay-color":"","overlay-gradient":""},"tablet":{"background-color":"var(--ast-global-color-5)","background-image":"","background-repeat":"repeat","background-position":"center center","background-size":"auto","background-attachment":"scroll","background-type":"","background-media":"","overlay-type":"","overlay-color":"","overlay-gradient":""},"mobile":{"background-color":"var(--ast-global-color-5)","background-image":"","background-repeat":"repeat","background-position":"center center","background-size":"auto","background-attachment":"scroll","background-type":"","background-media":"","overlay-type":"","overlay-color":"","overlay-gradient":""}},"footnotes":""},"yoast_head":"<!-- This site is optimized with the Yoast SEO plugin v21.6 - https:\/\/yoast.com\/wordpress\/plugins\/seo\/ -->\n<title>\u00dcber uns- Neu - Pizzeria &amp; Eiscaf\u00e9 Elida Frensdorf<\/title>\n<meta name=\"robots\" content=\"index, follow, max-snippet:-1, max-image-preview:large, max-video-preview:-1\" \/>\n<link rel=\"canonical\" href=\"http:\/\/www.elida-frensdorf.de\/?page_id=4308\" \/>\n<meta property=\"og:locale\" content=\"de_DE\" \/>\n<meta property=\"og:type\" content=\"article\" \/>\n<meta property=\"og:title\" content=\"\u00dcber uns- Neu - Pizzeria &amp; Eiscaf\u00e9 Elida Frensdorf\" \/>\n<meta property=\"og:description\" content=\"\u00dcber uns Wir sind ein kleines, charmantes Restaurant mit gegen\u00fcberliegendem Eiscaf\u00e9. Das Restaurant umfasst 40 Personen und ist im mediterranen [&hellip;]\" \/>\n<meta property=\"og:url\" content=\"http:\/\/www.elida-frensdorf.de\/?page_id=4308\" \/>\n<meta property=\"og:site_name\" content=\"Pizzeria &amp; Eiscaf\u00e9 Elida Frensdorf\" \/>\n<meta property=\"article:modified_time\" content=\"2024-03-29T14:17:25+00:00\" \/>\n<meta property=\"og:image\" content=\"http:\/\/www.elida-frensdorf.de\/wp-content\/uploads\/2024\/03\/1a84377e-564d-49d8-97e5-c14eec6b5565-768x986.jpg\" \/>\n<meta name=\"twitter:label1\" content=\"Gesch\u00e4tzte Lesezeit\" \/>\n\t<meta name=\"twitter:data1\" content=\"2\u00a0Minuten\" \/>\n<script type=\"application\/ld+json\" class=\"yoast-schema-graph\">{\"@context\":\"https:\/\/schema.org\",\"@graph\":[{\"@type\":\"WebPage\",\"@id\":\"http:\/\/www.elida-frensdorf.de\/?page_id=4308\",\"url\":\"http:\/\/www.elida-frensdorf.de\/?page_id=4308\",\"name\":\"\u00dcber uns- Neu - Pizzeria &amp; Eiscaf\u00e9 Elida Frensdorf\",\"isPartOf\":{\"@id\":\"http:\/\/www.elida-frensdorf.de\/#website\"},\"datePublished\":\"2024-03-28T15:27:17+00:00\",\"dateModified\":\"2024-03-29T14:17:25+00:00\",\"breadcrumb\":{\"@id\":\"http:\/\/www.elida-frensdorf.de\/?page_id=4308#breadcrumb\"},\"inLanguage\":\"de\",\"potentialAction\":[{\"@type\":\"ReadAction\",\"target\":[\"http:\/\/www.elida-frensdorf.de\/?page_id=4308\"]}]},{\"@type\":\"BreadcrumbList\",\"@id\":\"http:\/\/www.elida-frensdorf.de\/?page_id=4308#breadcrumb\",\"itemListElement\":[{\"@type\":\"ListItem\",\"position\":1,\"name\":\"Home\",\"item\":\"http:\/\/www.elida-frensdorf.de\/\"},{\"@type\":\"ListItem\",\"position\":2,\"name\":\"\u00dcber uns- Neu\"}]},{\"@type\":\"WebSite\",\"@id\":\"http:\/\/www.elida-frensdorf.de\/#website\",\"url\":\"http:\/\/www.elida-frensdorf.de\/\",\"name\":\"Pizzeria &amp; Eiscaf\u00e9 Elida Frensdorf\",\"description\":\"Pizzeria &amp; Eiscaf\u00e9 Elida Frensdorf - Toni macht super Pizza und Eis\",\"potentialAction\":[{\"@type\":\"SearchAction\",\"target\":{\"@type\":\"EntryPoint\",\"urlTemplate\":\"http:\/\/www.elida-frensdorf.de\/?s={search_term_string}\"},\"query-input\":\"required name=search_term_string\"}],\"inLanguage\":\"de\"}]}<\/script>\n<!-- \/ Yoast SEO plugin. -->","yoast_head_json":{"title":"\u00dcber uns- Neu - Pizzeria &amp; Eiscaf\u00e9 Elida Frensdorf","robots":{"index":"index","follow":"follow","max-snippet":"max-snippet:-1","max-image-preview":"max-image-preview:large","max-video-preview":"max-video-preview:-1"},"canonical":"http:\/\/www.elida-frensdorf.de\/?page_id=4308","og_locale":"de_DE","og_type":"article","og_title":"\u00dcber uns- Neu - Pizzeria &amp; Eiscaf\u00e9 Elida Frensdorf","og_description":"\u00dcber uns Wir sind ein kleines, charmantes Restaurant mit gegen\u00fcberliegendem Eiscaf\u00e9. Das Restaurant umfasst 40 Personen und ist im mediterranen [&hellip;]","og_url":"http:\/\/www.elida-frensdorf.de\/?page_id=4308","og_site_name":"Pizzeria &amp; Eiscaf\u00e9 Elida Frensdorf","article_modified_time":"2024-03-29T14:17:25+00:00","og_image":[{"url":"http:\/\/www.elida-frensdorf.de\/wp-content\/uploads\/2024\/03\/1a84377e-564d-49d8-97e5-c14eec6b5565-768x986.jpg"}],"twitter_misc":{"Gesch\u00e4tzte Lesezeit":"2\u00a0Minuten"},"schema":{"@context":"https:\/\/schema.org","@graph":[{"@type":"WebPage","@id":"http:\/\/www.elida-frensdorf.de\/?page_id=4308","url":"http:\/\/www.elida-frensdorf.de\/?page_id=4308","name":"\u00dcber uns- Neu - Pizzeria &amp; Eiscaf\u00e9 Elida Frensdorf","isPartOf":{"@id":"http:\/\/www.elida-frensdorf.de\/#website"},"datePublished":"2024-03-28T15:27:17+00:00","dateModified":"2024-03-29T14:17:25+00:00","breadcrumb":{"@id":"http:\/\/www.elida-frensdorf.de\/?page_id=4308#breadcrumb"},"inLanguage":"de","potentialAction":[{"@type":"ReadAction","target":["http:\/\/www.elida-frensdorf.de\/?page_id=4308"]}]},{"@type":"BreadcrumbList","@id":"http:\/\/www.elida-frensdorf.de\/?page_id=4308#breadcrumb","itemListElement":[{"@type":"ListItem","position":1,"name":"Home","item":"http:\/\/www.elida-frensdorf.de\/"},{"@type":"ListItem","position":2,"name":"\u00dcber uns- Neu"}]},{"@type":"WebSite","@id":"http:\/\/www.elida-frensdorf.de\/#website","url":"http:\/\/www.elida-frensdorf.de\/","name":"Pizzeria &amp; Eiscaf\u00e9 Elida Frensdorf","description":"Pizzeria &amp; Eiscaf\u00e9 Elida Frensdorf - Toni macht super Pizza und Eis","potentialAction":[{"@type":"SearchAction","target":{"@type":"EntryPoint","urlTemplate":"http:\/\/www.elida-frensdorf.de\/?s={search_term_string}"},"query-input":"required name=search_term_string"}],"inLanguage":"de"}]}},"_links":{"self":[{"href":"https:\/\/www.elida-frensdorf.de\/index.php?rest_route=\/wp\/v2\/pages\/4308"}],"collection":[{"href":"https:\/\/www.elida-frensdorf.de\/index.php?rest_route=\/wp\/v2\/pages"}],"about":[{"href":"https:\/\/www.elida-frensdorf.de\/index.php?rest_route=\/wp\/v2\/types\/page"}],"author":[{"embeddable":true,"href":"https:\/\/www.elida-frensdorf.de\/index.php?rest_route=\/wp\/v2\/users\/2"}],"replies":[{"embeddable":true,"href":"https:\/\/www.elida-frensdorf.de\/index.php?rest_route=%2Fwp%2Fv2%2Fcomments&post=4308"}],"version-history":[{"count":19,"href":"https:\/\/www.elida-frensdorf.de\/index.php?rest_route=\/wp\/v2\/pages\/4308\/revisions"}],"predecessor-version":[{"id":4429,"href":"https:\/\/www.elida-frensdorf.de\/index.php?rest_route=\/wp\/v2\/pages\/4308\/revisions\/4429"}],"wp:attachment":[{"href":"https:\/\/www.elida-frensdorf.de\/index.php?rest_route=%2Fwp%2Fv2%2Fmedia&parent=4308"}],"curies":[{"name":"wp","href":"https:\/\/api.w.org\/{rel}","templated":true}]}}