{"id":4302,"date":"2024-03-28T16:16:08","date_gmt":"2024-03-28T15:16:08","guid":{"rendered":"http:\/\/www.elida-frensdorf.de\/?page_id=4302"},"modified":"2025-04-17T15:16:40","modified_gmt":"2025-04-17T13:16:40","slug":"eis-neu","status":"publish","type":"page","link":"https:\/\/www.elida-frensdorf.de\/?page_id=4302","title":{"rendered":"Eis &#8211; Neu"},"content":{"rendered":"\t\t<div data-elementor-type=\"wp-page\" data-elementor-id=\"4302\" class=\"elementor elementor-4302\">\n\t\t\t\t<div class=\"elementor-element elementor-element-f7034a1 e-flex e-con-boxed e-con e-parent\" data-id=\"f7034a1\" data-element_type=\"container\" data-core-v316-plus=\"true\">\n\t\t\t\t\t<div class=\"e-con-inner\">\n\t\t<div class=\"elementor-element elementor-element-7960f78 e-con-full e-flex e-con e-child\" data-id=\"7960f78\" data-element_type=\"container\">\n\t\t\t\t<div class=\"elementor-element elementor-element-4ac7283 elementor-widget elementor-widget-image\" data-id=\"4ac7283\" data-element_type=\"widget\" data-widget_type=\"image.default\">\n\t\t\t\t<div class=\"elementor-widget-container\">\n\t\t\t<style>\/*! elementor - v3.20.0 - 26-03-2024 *\/\n.elementor-widget-image{text-align:center}.elementor-widget-image a{display:inline-block}.elementor-widget-image a img[src$=\".svg\"]{width:48px}.elementor-widget-image img{vertical-align:middle;display:inline-block}<\/style>\t\t\t\t\t\t\t\t\t\t<img fetchpriority=\"high\" decoding=\"async\" width=\"1024\" height=\"782\" src=\"https:\/\/www.elida-frensdorf.de\/wp-content\/uploads\/2024\/03\/WhatsApp-Image-2024-03-29-at-4.39.45-PM-e1711727492763-1024x782.jpeg\" class=\"attachment-large size-large wp-image-4446\" alt=\"\" srcset=\"https:\/\/www.elida-frensdorf.de\/wp-content\/uploads\/2024\/03\/WhatsApp-Image-2024-03-29-at-4.39.45-PM-e1711727492763-1024x782.jpeg 1024w, https:\/\/www.elida-frensdorf.de\/wp-content\/uploads\/2024\/03\/WhatsApp-Image-2024-03-29-at-4.39.45-PM-e1711727492763-300x229.jpeg 300w, https:\/\/www.elida-frensdorf.de\/wp-content\/uploads\/2024\/03\/WhatsApp-Image-2024-03-29-at-4.39.45-PM-e1711727492763-768x587.jpeg 768w, https:\/\/www.elida-frensdorf.de\/wp-content\/uploads\/2024\/03\/WhatsApp-Image-2024-03-29-at-4.39.45-PM-e1711727492763.jpeg 1178w\" sizes=\"(max-width: 1024px) 100vw, 1024px\" \/>\t\t\t\t\t\t\t\t\t\t\t\t\t<\/div>\n\t\t\t\t<\/div>\n\t\t\t\t<\/div>\n\t\t<div class=\"elementor-element elementor-element-ca6c0e8 e-con-full e-flex e-con e-child\" data-id=\"ca6c0e8\" data-element_type=\"container\">\n\t\t\t\t<div class=\"elementor-element elementor-element-d3cb09e elementor-widget elementor-widget-heading\" data-id=\"d3cb09e\" data-element_type=\"widget\" data-widget_type=\"heading.default\">\n\t\t\t\t<div class=\"elementor-widget-container\">\n\t\t\t<style>\/*! elementor - v3.20.0 - 26-03-2024 *\/\n.elementor-heading-title{padding:0;margin:0;line-height:1}.elementor-widget-heading .elementor-heading-title[class*=elementor-size-]>a{color:inherit;font-size:inherit;line-height:inherit}.elementor-widget-heading .elementor-heading-title.elementor-size-small{font-size:15px}.elementor-widget-heading .elementor-heading-title.elementor-size-medium{font-size:19px}.elementor-widget-heading .elementor-heading-title.elementor-size-large{font-size:29px}.elementor-widget-heading .elementor-heading-title.elementor-size-xl{font-size:39px}.elementor-widget-heading .elementor-heading-title.elementor-size-xxl{font-size:59px}<\/style><h1 class=\"elementor-heading-title elementor-size-default\">Eisdiele<\/h1>\t\t<\/div>\n\t\t\t\t<\/div>\n\t\t\t\t<div class=\"elementor-element elementor-element-db2cfd1 elementor-widget elementor-widget-text-editor\" data-id=\"db2cfd1\" data-element_type=\"widget\" data-widget_type=\"text-editor.default\">\n\t\t\t\t<div class=\"elementor-widget-container\">\n\t\t\t<style>\/*! elementor - v3.20.0 - 26-03-2024 *\/\n.elementor-widget-text-editor.elementor-drop-cap-view-stacked .elementor-drop-cap{background-color:#69727d;color:#fff}.elementor-widget-text-editor.elementor-drop-cap-view-framed .elementor-drop-cap{color:#69727d;border:3px solid;background-color:transparent}.elementor-widget-text-editor:not(.elementor-drop-cap-view-default) .elementor-drop-cap{margin-top:8px}.elementor-widget-text-editor:not(.elementor-drop-cap-view-default) .elementor-drop-cap-letter{width:1em;height:1em}.elementor-widget-text-editor .elementor-drop-cap{float:left;text-align:center;line-height:1;font-size:50px}.elementor-widget-text-editor .elementor-drop-cap-letter{display:inline-block}<\/style>\t\t\t\t<p>Hier eine kleine \u00dcbersicht unserer leckeren hausgemachten Eiskreationen.<\/p><p>Einfach vorbei kommen und aktuelle Sorten probieren!<\/p>\t\t\t\t\t\t<\/div>\n\t\t\t\t<\/div>\n\t\t\t\t<div class=\"elementor-element elementor-element-10b4c98 elementor-widget elementor-widget-heading\" data-id=\"10b4c98\" data-element_type=\"widget\" data-widget_type=\"heading.default\">\n\t\t\t\t<div class=\"elementor-widget-container\">\n\t\t\t<h3 class=\"elementor-heading-title elementor-size-default\">\u00d6ffnungszeiten<\/h3>\t\t<\/div>\n\t\t\t\t<\/div>\n\t\t\t\t<div class=\"elementor-element elementor-element-f0173f7 elementor-widget elementor-widget-text-editor\" data-id=\"f0173f7\" data-element_type=\"widget\" data-widget_type=\"text-editor.default\">\n\t\t\t\t<div class=\"elementor-widget-container\">\n\t\t\t\t\t\t\t<p class=\"LC20lb MBeuO DKV0Md\">\ud83d\udcc5 M\u00e4rz &#8211; September<\/p><p>\ud83d\udd50 t\u00e4glich ge\u00f6ffnet 11:00 &#8211; 22:00 Uhr<\/p><p class=\"LC20lb MBeuO DKV0Md\">(\u00d6ffnungszeiten k\u00f6nnen nach Wetterlage variieren)<\/p>\t\t\t\t\t\t<\/div>\n\t\t\t\t<\/div>\n\t\t\t\t<\/div>\n\t\t\t\t\t<\/div>\n\t\t\t\t<\/div>\n\t\t<div class=\"elementor-element elementor-element-d3d6f70 e-flex e-con-boxed e-con e-parent\" data-id=\"d3d6f70\" data-element_type=\"container\" data-core-v316-plus=\"true\">\n\t\t\t\t\t<div class=\"e-con-inner\">\n\t\t\t\t<div class=\"elementor-element elementor-element-2abe17f elementor-widget elementor-widget-spacer\" data-id=\"2abe17f\" data-element_type=\"widget\" data-widget_type=\"spacer.default\">\n\t\t\t\t<div class=\"elementor-widget-container\">\n\t\t\t<style>\/*! elementor - v3.20.0 - 26-03-2024 *\/\n.elementor-column .elementor-spacer-inner{height:var(--spacer-size)}.e-con{--container-widget-width:100%}.e-con-inner>.elementor-widget-spacer,.e-con>.elementor-widget-spacer{width:var(--container-widget-width,var(--spacer-size));--align-self:var(--container-widget-align-self,initial);--flex-shrink:0}.e-con-inner>.elementor-widget-spacer>.elementor-widget-container,.e-con>.elementor-widget-spacer>.elementor-widget-container{height:100%;width:100%}.e-con-inner>.elementor-widget-spacer>.elementor-widget-container>.elementor-spacer,.e-con>.elementor-widget-spacer>.elementor-widget-container>.elementor-spacer{height:100%}.e-con-inner>.elementor-widget-spacer>.elementor-widget-container>.elementor-spacer>.elementor-spacer-inner,.e-con>.elementor-widget-spacer>.elementor-widget-container>.elementor-spacer>.elementor-spacer-inner{height:var(--container-widget-height,var(--spacer-size))}.e-con-inner>.elementor-widget-spacer.elementor-widget-empty,.e-con>.elementor-widget-spacer.elementor-widget-empty{position:relative;min-height:22px;min-width:22px}.e-con-inner>.elementor-widget-spacer.elementor-widget-empty .elementor-widget-empty-icon,.e-con>.elementor-widget-spacer.elementor-widget-empty .elementor-widget-empty-icon{position:absolute;top:0;bottom:0;left:0;right:0;margin:auto;padding:0;width:22px;height:22px}<\/style>\t\t<div class=\"elementor-spacer\">\n\t\t\t<div class=\"elementor-spacer-inner\"><\/div>\n\t\t<\/div>\n\t\t\t\t<\/div>\n\t\t\t\t<\/div>\n\t\t\t\t\t<\/div>\n\t\t\t\t<\/div>\n\t\t<div class=\"elementor-element elementor-element-e3c4124 e-flex e-con-boxed e-con e-parent\" data-id=\"e3c4124\" data-element_type=\"container\" data-core-v316-plus=\"true\">\n\t\t\t\t\t<div class=\"e-con-inner\">\n\t\t<div class=\"elementor-element elementor-element-4f0caf5 e-con-full e-flex e-con e-child\" data-id=\"4f0caf5\" data-element_type=\"container\">\n\t\t\t\t<div class=\"elementor-element elementor-element-049cf23 elementor-widget elementor-widget-image\" data-id=\"049cf23\" data-element_type=\"widget\" data-widget_type=\"image.default\">\n\t\t\t\t<div class=\"elementor-widget-container\">\n\t\t\t\t\t\t\t\t\t\t\t\t\t<img decoding=\"async\" width=\"603\" height=\"800\" src=\"https:\/\/www.elida-frensdorf.de\/wp-content\/uploads\/2017\/09\/eis_01.jpg\" class=\"attachment-large size-large wp-image-3942\" alt=\"\" srcset=\"https:\/\/www.elida-frensdorf.de\/wp-content\/uploads\/2017\/09\/eis_01.jpg 603w, https:\/\/www.elida-frensdorf.de\/wp-content\/uploads\/2017\/09\/eis_01-226x300.jpg 226w\" sizes=\"(max-width: 603px) 100vw, 603px\" \/>\t\t\t\t\t\t\t\t\t\t\t\t\t<\/div>\n\t\t\t\t<\/div>\n\t\t\t\t<\/div>\n\t\t<div class=\"elementor-element elementor-element-97e23c7 e-con-full e-flex e-con e-child\" data-id=\"97e23c7\" data-element_type=\"container\">\n\t\t\t\t<div class=\"elementor-element elementor-element-0da2558 elementor-widget elementor-widget-image\" data-id=\"0da2558\" data-element_type=\"widget\" data-widget_type=\"image.default\">\n\t\t\t\t<div class=\"elementor-widget-container\">\n\t\t\t\t\t\t\t\t\t\t\t\t\t<img decoding=\"async\" width=\"603\" height=\"800\" src=\"https:\/\/www.elida-frensdorf.de\/wp-content\/uploads\/2017\/09\/eis_02.jpg\" class=\"attachment-large size-large wp-image-3943\" alt=\"\" srcset=\"https:\/\/www.elida-frensdorf.de\/wp-content\/uploads\/2017\/09\/eis_02.jpg 603w, https:\/\/www.elida-frensdorf.de\/wp-content\/uploads\/2017\/09\/eis_02-226x300.jpg 226w\" sizes=\"(max-width: 603px) 100vw, 603px\" \/>\t\t\t\t\t\t\t\t\t\t\t\t\t<\/div>\n\t\t\t\t<\/div>\n\t\t\t\t<\/div>\n\t\t<div class=\"elementor-element elementor-element-4bb3572 e-con-full e-flex e-con e-child\" data-id=\"4bb3572\" data-element_type=\"container\">\n\t\t\t\t<div class=\"elementor-element elementor-element-ab1e37e elementor-widget elementor-widget-image\" data-id=\"ab1e37e\" data-element_type=\"widget\" data-widget_type=\"image.default\">\n\t\t\t\t<div class=\"elementor-widget-container\">\n\t\t\t\t\t\t\t\t\t\t\t\t\t<img loading=\"lazy\" decoding=\"async\" width=\"451\" height=\"597\" src=\"https:\/\/www.elida-frensdorf.de\/wp-content\/uploads\/2017\/09\/eis_03.jpg\" class=\"attachment-large size-large wp-image-3945\" alt=\"\" srcset=\"https:\/\/www.elida-frensdorf.de\/wp-content\/uploads\/2017\/09\/eis_03.jpg 451w, https:\/\/www.elida-frensdorf.de\/wp-content\/uploads\/2017\/09\/eis_03-227x300.jpg 227w\" sizes=\"(max-width: 451px) 100vw, 451px\" \/>\t\t\t\t\t\t\t\t\t\t\t\t\t<\/div>\n\t\t\t\t<\/div>\n\t\t\t\t<\/div>\n\t\t<div class=\"elementor-element elementor-element-ebc90a6 e-con-full e-flex e-con e-child\" data-id=\"ebc90a6\" data-element_type=\"container\">\n\t\t\t\t<div class=\"elementor-element elementor-element-f5a268d elementor-widget elementor-widget-image\" data-id=\"f5a268d\" data-element_type=\"widget\" data-widget_type=\"image.default\">\n\t\t\t\t<div class=\"elementor-widget-container\">\n\t\t\t\t\t\t\t\t\t\t\t\t\t<img loading=\"lazy\" decoding=\"async\" width=\"600\" height=\"800\" src=\"https:\/\/www.elida-frensdorf.de\/wp-content\/uploads\/2017\/09\/eis_04.jpeg\" class=\"attachment-large size-large wp-image-3946\" alt=\"\" srcset=\"https:\/\/www.elida-frensdorf.de\/wp-content\/uploads\/2017\/09\/eis_04.jpeg 600w, https:\/\/www.elida-frensdorf.de\/wp-content\/uploads\/2017\/09\/eis_04-225x300.jpeg 225w\" sizes=\"(max-width: 600px) 100vw, 600px\" \/>\t\t\t\t\t\t\t\t\t\t\t\t\t<\/div>\n\t\t\t\t<\/div>\n\t\t\t\t<\/div>\n\t\t<div class=\"elementor-element elementor-element-0cb5f04 e-con-full e-flex e-con e-child\" data-id=\"0cb5f04\" data-element_type=\"container\">\n\t\t\t\t<div class=\"elementor-element elementor-element-fa8a9b8 elementor-widget elementor-widget-image\" data-id=\"fa8a9b8\" data-element_type=\"widget\" data-widget_type=\"image.default\">\n\t\t\t\t<div class=\"elementor-widget-container\">\n\t\t\t\t\t\t\t\t\t\t\t\t\t<img loading=\"lazy\" decoding=\"async\" width=\"640\" height=\"843\" src=\"https:\/\/www.elida-frensdorf.de\/wp-content\/uploads\/2020\/03\/eisschlaand.jpg\" class=\"attachment-large size-large wp-image-4029\" alt=\"\" srcset=\"https:\/\/www.elida-frensdorf.de\/wp-content\/uploads\/2020\/03\/eisschlaand.jpg 640w, https:\/\/www.elida-frensdorf.de\/wp-content\/uploads\/2020\/03\/eisschlaand-228x300.jpg 228w\" sizes=\"(max-width: 640px) 100vw, 640px\" \/>\t\t\t\t\t\t\t\t\t\t\t\t\t<\/div>\n\t\t\t\t<\/div>\n\t\t\t\t<\/div>\n\t\t<div class=\"elementor-element elementor-element-0110d11 e-con-full e-flex e-con e-child\" data-id=\"0110d11\" data-element_type=\"container\">\n\t\t\t\t<div class=\"elementor-element elementor-element-0903a02 elementor-widget elementor-widget-image\" data-id=\"0903a02\" data-element_type=\"widget\" data-widget_type=\"image.default\">\n\t\t\t\t<div class=\"elementor-widget-container\">\n\t\t\t\t\t\t\t\t\t\t\t\t\t<img loading=\"lazy\" decoding=\"async\" width=\"600\" height=\"800\" src=\"https:\/\/www.elida-frensdorf.de\/wp-content\/uploads\/2017\/09\/eis_05.jpeg\" class=\"attachment-large size-large wp-image-3947\" alt=\"\" srcset=\"https:\/\/www.elida-frensdorf.de\/wp-content\/uploads\/2017\/09\/eis_05.jpeg 600w, https:\/\/www.elida-frensdorf.de\/wp-content\/uploads\/2017\/09\/eis_05-225x300.jpeg 225w\" sizes=\"(max-width: 600px) 100vw, 600px\" \/>\t\t\t\t\t\t\t\t\t\t\t\t\t<\/div>\n\t\t\t\t<\/div>\n\t\t\t\t<\/div>\n\t\t\t\t\t<\/div>\n\t\t\t\t<\/div>\n\t\t<div class=\"elementor-element elementor-element-3dbc73e e-flex e-con-boxed e-con e-parent\" data-id=\"3dbc73e\" data-element_type=\"container\" data-core-v316-plus=\"true\">\n\t\t\t\t\t<div class=\"e-con-inner\">\n\t\t\t\t<div class=\"elementor-element elementor-element-abcd600 elementor-widget elementor-widget-spacer\" data-id=\"abcd600\" data-element_type=\"widget\" data-widget_type=\"spacer.default\">\n\t\t\t\t<div class=\"elementor-widget-container\">\n\t\t\t\t\t<div class=\"elementor-spacer\">\n\t\t\t<div class=\"elementor-spacer-inner\"><\/div>\n\t\t<\/div>\n\t\t\t\t<\/div>\n\t\t\t\t<\/div>\n\t\t\t\t<div class=\"elementor-element elementor-element-c663b1f elementor-widget elementor-widget-heading\" data-id=\"c663b1f\" data-element_type=\"widget\" data-widget_type=\"heading.default\">\n\t\t\t\t<div class=\"elementor-widget-container\">\n\t\t\t<h1 class=\"elementor-heading-title elementor-size-default\">Men\u00fckarte Eisdiele<\/h1>\t\t<\/div>\n\t\t\t\t<\/div>\n\t\t\t\t\t<\/div>\n\t\t\t\t<\/div>\n\t\t<div class=\"elementor-element elementor-element-b3b9ee7 e-flex e-con-boxed e-con e-parent\" data-id=\"b3b9ee7\" data-element_type=\"container\" data-core-v316-plus=\"true\">\n\t\t\t\t\t<div class=\"e-con-inner\">\n\t\t<div class=\"elementor-element elementor-element-2d0e4ab e-con-full e-flex e-con e-child\" data-id=\"2d0e4ab\" data-element_type=\"container\">\n\t\t\t\t<div class=\"elementor-element elementor-element-08b55d8 elementor-widget elementor-widget-image\" data-id=\"08b55d8\" data-element_type=\"widget\" data-widget_type=\"image.default\">\n\t\t\t\t<div class=\"elementor-widget-container\">\n\t\t\t\t\t\t\t\t\t\t\t\t\t<img loading=\"lazy\" decoding=\"async\" width=\"1024\" height=\"719\" src=\"https:\/\/www.elida-frensdorf.de\/wp-content\/uploads\/2025\/04\/WhatsApp-Image-2025-04-17-at-14.07.28-1024x719.jpeg\" class=\"attachment-large size-large wp-image-4521\" alt=\"\" srcset=\"https:\/\/www.elida-frensdorf.de\/wp-content\/uploads\/2025\/04\/WhatsApp-Image-2025-04-17-at-14.07.28-1024x719.jpeg 1024w, https:\/\/www.elida-frensdorf.de\/wp-content\/uploads\/2025\/04\/WhatsApp-Image-2025-04-17-at-14.07.28-300x211.jpeg 300w, https:\/\/www.elida-frensdorf.de\/wp-content\/uploads\/2025\/04\/WhatsApp-Image-2025-04-17-at-14.07.28-768x540.jpeg 768w, https:\/\/www.elida-frensdorf.de\/wp-content\/uploads\/2025\/04\/WhatsApp-Image-2025-04-17-at-14.07.28-1536x1079.jpeg 1536w, https:\/\/www.elida-frensdorf.de\/wp-content\/uploads\/2025\/04\/WhatsApp-Image-2025-04-17-at-14.07.28.jpeg 1600w\" sizes=\"(max-width: 1024px) 100vw, 1024px\" \/>\t\t\t\t\t\t\t\t\t\t\t\t\t<\/div>\n\t\t\t\t<\/div>\n\t\t\t\t<\/div>\n\t\t<div class=\"elementor-element elementor-element-76af7dd e-con-full e-flex e-con e-child\" data-id=\"76af7dd\" data-element_type=\"container\">\n\t\t\t\t<div class=\"elementor-element elementor-element-6b8ad39 elementor-widget elementor-widget-image\" data-id=\"6b8ad39\" data-element_type=\"widget\" data-widget_type=\"image.default\">\n\t\t\t\t<div class=\"elementor-widget-container\">\n\t\t\t\t\t\t\t\t\t\t\t\t\t<img loading=\"lazy\" decoding=\"async\" width=\"1024\" height=\"719\" src=\"https:\/\/www.elida-frensdorf.de\/wp-content\/uploads\/2025\/04\/WhatsApp-Image-2025-04-17-at-14.07.14-1024x719.jpeg\" class=\"attachment-large size-large wp-image-4522\" alt=\"\" srcset=\"https:\/\/www.elida-frensdorf.de\/wp-content\/uploads\/2025\/04\/WhatsApp-Image-2025-04-17-at-14.07.14-1024x719.jpeg 1024w, https:\/\/www.elida-frensdorf.de\/wp-content\/uploads\/2025\/04\/WhatsApp-Image-2025-04-17-at-14.07.14-300x211.jpeg 300w, https:\/\/www.elida-frensdorf.de\/wp-content\/uploads\/2025\/04\/WhatsApp-Image-2025-04-17-at-14.07.14-768x540.jpeg 768w, https:\/\/www.elida-frensdorf.de\/wp-content\/uploads\/2025\/04\/WhatsApp-Image-2025-04-17-at-14.07.14-1536x1079.jpeg 1536w, https:\/\/www.elida-frensdorf.de\/wp-content\/uploads\/2025\/04\/WhatsApp-Image-2025-04-17-at-14.07.14.jpeg 1600w\" sizes=\"(max-width: 1024px) 100vw, 1024px\" \/>\t\t\t\t\t\t\t\t\t\t\t\t\t<\/div>\n\t\t\t\t<\/div>\n\t\t\t\t<\/div>\n\t\t\t\t\t<\/div>\n\t\t\t\t<\/div>\n\t\t<div class=\"elementor-element elementor-element-cc19cfc e-flex e-con-boxed e-con e-parent\" data-id=\"cc19cfc\" data-element_type=\"container\" data-core-v316-plus=\"true\">\n\t\t\t\t\t<div class=\"e-con-inner\">\n\t\t<div class=\"elementor-element elementor-element-f919270 e-con-full e-flex e-con e-child\" data-id=\"f919270\" data-element_type=\"container\">\n\t\t\t\t<\/div>\n\t\t<div class=\"elementor-element elementor-element-9499c94 e-con-full e-flex e-con e-child\" data-id=\"9499c94\" data-element_type=\"container\">\n\t\t\t\t<\/div>\n\t\t\t\t\t<\/div>\n\t\t\t\t<\/div>\n\t\t\t\t<\/div>\n\t\t","protected":false},"excerpt":{"rendered":"<p>Eisdiele Hier eine kleine \u00dcbersicht unserer leckeren hausgemachten Eiskreationen. Einfach vorbei kommen und aktuelle Sorten probieren! \u00d6ffnungszeiten &#x1f4c5; M\u00e4rz &#8211; [&hellip;]<\/p>\n","protected":false},"author":2,"featured_media":0,"parent":0,"menu_order":0,"comment_status":"closed","ping_status":"closed","template":"","meta":{"om_disable_all_campaigns":false,"_monsterinsights_skip_tracking":false,"_monsterinsights_sitenote_active":false,"_monsterinsights_sitenote_note":"","_monsterinsights_sitenote_category":0,"site-sidebar-layout":"no-sidebar","site-content-layout":"","ast-site-content-layout":"full-width-container","site-content-style":"default","site-sidebar-style":"default","ast-global-header-display":"","ast-banner-title-visibility":"","ast-main-header-display":"","ast-hfb-above-header-display":"","ast-hfb-below-header-display":"","ast-hfb-mobile-header-display":"","site-post-title":"disabled","ast-breadcrumbs-content":"","ast-featured-img":"disabled","footer-sml-layout":"","theme-transparent-header-meta":"","adv-header-id-meta":"","stick-header-meta":"","header-above-stick-meta":"","header-main-stick-meta":"","header-below-stick-meta":"","astra-migrate-meta-layouts":"default","ast-page-background-enabled":"default","ast-page-background-meta":{"desktop":{"background-color":"var(--ast-global-color-4)","background-image":"","background-repeat":"repeat","background-position":"center center","background-size":"auto","background-attachment":"scroll","background-type":"","background-media":"","overlay-type":"","overlay-color":"","overlay-gradient":""},"tablet":{"background-color":"","background-image":"","background-repeat":"repeat","background-position":"center center","background-size":"auto","background-attachment":"scroll","background-type":"","background-media":"","overlay-type":"","overlay-color":"","overlay-gradient":""},"mobile":{"background-color":"","background-image":"","background-repeat":"repeat","background-position":"center center","background-size":"auto","background-attachment":"scroll","background-type":"","background-media":"","overlay-type":"","overlay-color":"","overlay-gradient":""}},"ast-content-background-meta":{"desktop":{"background-color":"var(--ast-global-color-5)","background-image":"","background-repeat":"repeat","background-position":"center center","background-size":"auto","background-attachment":"scroll","background-type":"","background-media":"","overlay-type":"","overlay-color":"","overlay-gradient":""},"tablet":{"background-color":"var(--ast-global-color-5)","background-image":"","background-repeat":"repeat","background-position":"center center","background-size":"auto","background-attachment":"scroll","background-type":"","background-media":"","overlay-type":"","overlay-color":"","overlay-gradient":""},"mobile":{"background-color":"var(--ast-global-color-5)","background-image":"","background-repeat":"repeat","background-position":"center center","background-size":"auto","background-attachment":"scroll","background-type":"","background-media":"","overlay-type":"","overlay-color":"","overlay-gradient":""}},"footnotes":""},"yoast_head":"<!-- This site is optimized with the Yoast SEO plugin v21.6 - https:\/\/yoast.com\/wordpress\/plugins\/seo\/ -->\n<title>Eis - Neu - Pizzeria &amp; Eiscaf\u00e9 Elida Frensdorf<\/title>\n<meta name=\"robots\" content=\"index, follow, max-snippet:-1, max-image-preview:large, max-video-preview:-1\" \/>\n<link rel=\"canonical\" href=\"http:\/\/www.elida-frensdorf.de\/?page_id=4302\" \/>\n<meta property=\"og:locale\" content=\"de_DE\" \/>\n<meta property=\"og:type\" content=\"article\" \/>\n<meta property=\"og:title\" content=\"Eis - Neu - Pizzeria &amp; Eiscaf\u00e9 Elida Frensdorf\" \/>\n<meta property=\"og:description\" content=\"Eisdiele Hier eine kleine \u00dcbersicht unserer leckeren hausgemachten Eiskreationen. Einfach vorbei kommen und aktuelle Sorten probieren! \u00d6ffnungszeiten &#x1f4c5; M\u00e4rz &#8211; [&hellip;]\" \/>\n<meta property=\"og:url\" content=\"http:\/\/www.elida-frensdorf.de\/?page_id=4302\" \/>\n<meta property=\"og:site_name\" content=\"Pizzeria &amp; Eiscaf\u00e9 Elida Frensdorf\" \/>\n<meta property=\"article:modified_time\" content=\"2025-04-17T13:16:40+00:00\" \/>\n<meta property=\"og:image\" content=\"http:\/\/www.elida-frensdorf.de\/wp-content\/uploads\/2024\/03\/WhatsApp-Image-2024-03-29-at-4.39.45-PM-e1711727492763-1024x782.jpeg\" \/>\n<meta name=\"twitter:label1\" content=\"Gesch\u00e4tzte Lesezeit\" \/>\n\t<meta name=\"twitter:data1\" content=\"2\u00a0Minuten\" \/>\n<script type=\"application\/ld+json\" class=\"yoast-schema-graph\">{\"@context\":\"https:\/\/schema.org\",\"@graph\":[{\"@type\":\"WebPage\",\"@id\":\"http:\/\/www.elida-frensdorf.de\/?page_id=4302\",\"url\":\"http:\/\/www.elida-frensdorf.de\/?page_id=4302\",\"name\":\"Eis - Neu - Pizzeria &amp; Eiscaf\u00e9 Elida Frensdorf\",\"isPartOf\":{\"@id\":\"http:\/\/www.elida-frensdorf.de\/#website\"},\"datePublished\":\"2024-03-28T15:16:08+00:00\",\"dateModified\":\"2025-04-17T13:16:40+00:00\",\"breadcrumb\":{\"@id\":\"http:\/\/www.elida-frensdorf.de\/?page_id=4302#breadcrumb\"},\"inLanguage\":\"de\",\"potentialAction\":[{\"@type\":\"ReadAction\",\"target\":[\"http:\/\/www.elida-frensdorf.de\/?page_id=4302\"]}]},{\"@type\":\"BreadcrumbList\",\"@id\":\"http:\/\/www.elida-frensdorf.de\/?page_id=4302#breadcrumb\",\"itemListElement\":[{\"@type\":\"ListItem\",\"position\":1,\"name\":\"Home\",\"item\":\"http:\/\/www.elida-frensdorf.de\/\"},{\"@type\":\"ListItem\",\"position\":2,\"name\":\"Eis &#8211; Neu\"}]},{\"@type\":\"WebSite\",\"@id\":\"http:\/\/www.elida-frensdorf.de\/#website\",\"url\":\"http:\/\/www.elida-frensdorf.de\/\",\"name\":\"Pizzeria &amp; Eiscaf\u00e9 Elida Frensdorf\",\"description\":\"Pizzeria &amp; Eiscaf\u00e9 Elida Frensdorf - Toni macht super Pizza und Eis\",\"potentialAction\":[{\"@type\":\"SearchAction\",\"target\":{\"@type\":\"EntryPoint\",\"urlTemplate\":\"http:\/\/www.elida-frensdorf.de\/?s={search_term_string}\"},\"query-input\":\"required name=search_term_string\"}],\"inLanguage\":\"de\"}]}<\/script>\n<!-- \/ Yoast SEO plugin. -->","yoast_head_json":{"title":"Eis - Neu - Pizzeria &amp; Eiscaf\u00e9 Elida Frensdorf","robots":{"index":"index","follow":"follow","max-snippet":"max-snippet:-1","max-image-preview":"max-image-preview:large","max-video-preview":"max-video-preview:-1"},"canonical":"http:\/\/www.elida-frensdorf.de\/?page_id=4302","og_locale":"de_DE","og_type":"article","og_title":"Eis - Neu - Pizzeria &amp; Eiscaf\u00e9 Elida Frensdorf","og_description":"Eisdiele Hier eine kleine \u00dcbersicht unserer leckeren hausgemachten Eiskreationen. Einfach vorbei kommen und aktuelle Sorten probieren! \u00d6ffnungszeiten &#x1f4c5; M\u00e4rz &#8211; [&hellip;]","og_url":"http:\/\/www.elida-frensdorf.de\/?page_id=4302","og_site_name":"Pizzeria &amp; Eiscaf\u00e9 Elida Frensdorf","article_modified_time":"2025-04-17T13:16:40+00:00","og_image":[{"url":"http:\/\/www.elida-frensdorf.de\/wp-content\/uploads\/2024\/03\/WhatsApp-Image-2024-03-29-at-4.39.45-PM-e1711727492763-1024x782.jpeg"}],"twitter_misc":{"Gesch\u00e4tzte Lesezeit":"2\u00a0Minuten"},"schema":{"@context":"https:\/\/schema.org","@graph":[{"@type":"WebPage","@id":"http:\/\/www.elida-frensdorf.de\/?page_id=4302","url":"http:\/\/www.elida-frensdorf.de\/?page_id=4302","name":"Eis - Neu - Pizzeria &amp; Eiscaf\u00e9 Elida Frensdorf","isPartOf":{"@id":"http:\/\/www.elida-frensdorf.de\/#website"},"datePublished":"2024-03-28T15:16:08+00:00","dateModified":"2025-04-17T13:16:40+00:00","breadcrumb":{"@id":"http:\/\/www.elida-frensdorf.de\/?page_id=4302#breadcrumb"},"inLanguage":"de","potentialAction":[{"@type":"ReadAction","target":["http:\/\/www.elida-frensdorf.de\/?page_id=4302"]}]},{"@type":"BreadcrumbList","@id":"http:\/\/www.elida-frensdorf.de\/?page_id=4302#breadcrumb","itemListElement":[{"@type":"ListItem","position":1,"name":"Home","item":"http:\/\/www.elida-frensdorf.de\/"},{"@type":"ListItem","position":2,"name":"Eis &#8211; Neu"}]},{"@type":"WebSite","@id":"http:\/\/www.elida-frensdorf.de\/#website","url":"http:\/\/www.elida-frensdorf.de\/","name":"Pizzeria &amp; Eiscaf\u00e9 Elida Frensdorf","description":"Pizzeria &amp; Eiscaf\u00e9 Elida Frensdorf - Toni macht super Pizza und Eis","potentialAction":[{"@type":"SearchAction","target":{"@type":"EntryPoint","urlTemplate":"http:\/\/www.elida-frensdorf.de\/?s={search_term_string}"},"query-input":"required name=search_term_string"}],"inLanguage":"de"}]}},"_links":{"self":[{"href":"https:\/\/www.elida-frensdorf.de\/index.php?rest_route=\/wp\/v2\/pages\/4302"}],"collection":[{"href":"https:\/\/www.elida-frensdorf.de\/index.php?rest_route=\/wp\/v2\/pages"}],"about":[{"href":"https:\/\/www.elida-frensdorf.de\/index.php?rest_route=\/wp\/v2\/types\/page"}],"author":[{"embeddable":true,"href":"https:\/\/www.elida-frensdorf.de\/index.php?rest_route=\/wp\/v2\/users\/2"}],"replies":[{"embeddable":true,"href":"https:\/\/www.elida-frensdorf.de\/index.php?rest_route=%2Fwp%2Fv2%2Fcomments&post=4302"}],"version-history":[{"count":28,"href":"https:\/\/www.elida-frensdorf.de\/index.php?rest_route=\/wp\/v2\/pages\/4302\/revisions"}],"predecessor-version":[{"id":4525,"href":"https:\/\/www.elida-frensdorf.de\/index.php?rest_route=\/wp\/v2\/pages\/4302\/revisions\/4525"}],"wp:attachment":[{"href":"https:\/\/www.elida-frensdorf.de\/index.php?rest_route=%2Fwp%2Fv2%2Fmedia&parent=4302"}],"curies":[{"name":"wp","href":"https:\/\/api.w.org\/{rel}","templated":true}]}}