{"id":4320,"date":"2024-03-28T16:34:03","date_gmt":"2024-03-28T15:34:03","guid":{"rendered":"http:\/\/www.elida-frensdorf.de\/?page_id=4320"},"modified":"2024-03-28T16:43:25","modified_gmt":"2024-03-28T15:43:25","slug":"kontakt-neu","status":"publish","type":"page","link":"http:\/\/www.elida-frensdorf.de\/?page_id=4320","title":{"rendered":"Kontakt &#8211; NEU"},"content":{"rendered":"\t\t<div data-elementor-type=\"wp-page\" data-elementor-id=\"4320\" class=\"elementor elementor-4320\">\n\t\t\t\t<div class=\"elementor-element elementor-element-80dc069 e-flex e-con-boxed e-con e-parent\" data-id=\"80dc069\" data-element_type=\"container\" data-core-v316-plus=\"true\">\n\t\t\t\t\t<div class=\"e-con-inner\">\n\t\t\t\t<div class=\"elementor-element elementor-element-cc30e1d elementor-widget elementor-widget-heading\" data-id=\"cc30e1d\" data-element_type=\"widget\" data-widget_type=\"heading.default\">\n\t\t\t\t<div class=\"elementor-widget-container\">\n\t\t\t<style>\/*! elementor - v3.20.0 - 26-03-2024 *\/\n.elementor-heading-title{padding:0;margin:0;line-height:1}.elementor-widget-heading .elementor-heading-title[class*=elementor-size-]>a{color:inherit;font-size:inherit;line-height:inherit}.elementor-widget-heading .elementor-heading-title.elementor-size-small{font-size:15px}.elementor-widget-heading .elementor-heading-title.elementor-size-medium{font-size:19px}.elementor-widget-heading .elementor-heading-title.elementor-size-large{font-size:29px}.elementor-widget-heading .elementor-heading-title.elementor-size-xl{font-size:39px}.elementor-widget-heading .elementor-heading-title.elementor-size-xxl{font-size:59px}<\/style><h1 class=\"elementor-heading-title elementor-size-default\">Kontakt<\/h1>\t\t<\/div>\n\t\t\t\t<\/div>\n\t\t\t\t\t<\/div>\n\t\t\t\t<\/div>\n\t\t<div class=\"elementor-element elementor-element-583a868 e-flex e-con-boxed e-con e-parent\" data-id=\"583a868\" data-element_type=\"container\" data-core-v316-plus=\"true\">\n\t\t\t\t\t<div class=\"e-con-inner\">\n\t\t<div class=\"elementor-element elementor-element-4a053c5 e-con-full e-flex e-con e-child\" data-id=\"4a053c5\" data-element_type=\"container\">\n\t\t\t\t<div class=\"elementor-element elementor-element-88a51c9 elementor-widget elementor-widget-heading\" data-id=\"88a51c9\" data-element_type=\"widget\" data-widget_type=\"heading.default\">\n\t\t\t\t<div class=\"elementor-widget-container\">\n\t\t\t<h3 class=\"elementor-heading-title elementor-size-default\">\u00d6ffnungszeiten Pizzeria<\/h3>\t\t<\/div>\n\t\t\t\t<\/div>\n\t\t\t\t<div class=\"elementor-element elementor-element-33c7ab6 elementor-widget elementor-widget-text-editor\" data-id=\"33c7ab6\" data-element_type=\"widget\" data-widget_type=\"text-editor.default\">\n\t\t\t\t<div class=\"elementor-widget-container\">\n\t\t\t<style>\/*! elementor - v3.20.0 - 26-03-2024 *\/\n.elementor-widget-text-editor.elementor-drop-cap-view-stacked .elementor-drop-cap{background-color:#69727d;color:#fff}.elementor-widget-text-editor.elementor-drop-cap-view-framed .elementor-drop-cap{color:#69727d;border:3px solid;background-color:transparent}.elementor-widget-text-editor:not(.elementor-drop-cap-view-default) .elementor-drop-cap{margin-top:8px}.elementor-widget-text-editor:not(.elementor-drop-cap-view-default) .elementor-drop-cap-letter{width:1em;height:1em}.elementor-widget-text-editor .elementor-drop-cap{float:left;text-align:center;line-height:1;font-size:50px}.elementor-widget-text-editor .elementor-drop-cap-letter{display:inline-block}<\/style>\t\t\t\t<p>\ud83d\udd50 Montag &#8211; Sonntag 17:00 &#8211; 22:00 Uhr<\/p><p>\ud83d\udd50 Dienstag Ruhetag<\/p>\t\t\t\t\t\t<\/div>\n\t\t\t\t<\/div>\n\t\t\t\t<\/div>\n\t\t<div class=\"elementor-element elementor-element-d182a98 e-con-full e-flex e-con e-child\" data-id=\"d182a98\" data-element_type=\"container\">\n\t\t\t\t<div class=\"elementor-element elementor-element-db370de elementor-widget elementor-widget-heading\" data-id=\"db370de\" data-element_type=\"widget\" data-widget_type=\"heading.default\">\n\t\t\t\t<div class=\"elementor-widget-container\">\n\t\t\t<h3 class=\"elementor-heading-title elementor-size-default\">\u00d6ffnungszeiten Eisdiele<\/h3>\t\t<\/div>\n\t\t\t\t<\/div>\n\t\t\t\t<div class=\"elementor-element elementor-element-12d8d2a elementor-widget elementor-widget-text-editor\" data-id=\"12d8d2a\" data-element_type=\"widget\" data-widget_type=\"text-editor.default\">\n\t\t\t\t<div class=\"elementor-widget-container\">\n\t\t\t\t\t\t\t<p>\ud83d\udcc5 M\u00e4rz &#8211; September<\/p><p>\ud83d\udd50 t\u00e4glich ge\u00f6ffnet 11:00 &#8211; 22:00 Uhr<\/p><p>(\u00d6ffnungszeiten k\u00f6nnen nach Wetterlage variieren)<\/p>\t\t\t\t\t\t<\/div>\n\t\t\t\t<\/div>\n\t\t\t\t<\/div>\n\t\t\t\t\t<\/div>\n\t\t\t\t<\/div>\n\t\t<div class=\"elementor-element elementor-element-75cf3ed e-flex e-con-boxed e-con e-parent\" data-id=\"75cf3ed\" data-element_type=\"container\" data-core-v316-plus=\"true\">\n\t\t\t\t\t<div class=\"e-con-inner\">\n\t\t\t\t<div class=\"elementor-element elementor-element-a078684 elementor-align-center elementor-widget elementor-widget-button\" data-id=\"a078684\" data-element_type=\"widget\" data-widget_type=\"button.default\">\n\t\t\t\t<div class=\"elementor-widget-container\">\n\t\t\t\t\t<div class=\"elementor-button-wrapper\">\n\t\t\t<a class=\"elementor-button elementor-button-link elementor-size-sm\" href=\"tel:+499502924217\">\n\t\t\t\t\t\t<span class=\"elementor-button-content-wrapper\">\n\t\t\t\t\t\t<span class=\"elementor-button-text\">09502 \/ 92 42 17<\/span>\n\t\t<\/span>\n\t\t\t\t\t<\/a>\n\t\t<\/div>\n\t\t\t\t<\/div>\n\t\t\t\t<\/div>\n\t\t\t\t<div class=\"elementor-element elementor-element-66c0b93 elementor-widget elementor-widget-spacer\" data-id=\"66c0b93\" data-element_type=\"widget\" data-widget_type=\"spacer.default\">\n\t\t\t\t<div class=\"elementor-widget-container\">\n\t\t\t<style>\/*! elementor - v3.20.0 - 26-03-2024 *\/\n.elementor-column .elementor-spacer-inner{height:var(--spacer-size)}.e-con{--container-widget-width:100%}.e-con-inner>.elementor-widget-spacer,.e-con>.elementor-widget-spacer{width:var(--container-widget-width,var(--spacer-size));--align-self:var(--container-widget-align-self,initial);--flex-shrink:0}.e-con-inner>.elementor-widget-spacer>.elementor-widget-container,.e-con>.elementor-widget-spacer>.elementor-widget-container{height:100%;width:100%}.e-con-inner>.elementor-widget-spacer>.elementor-widget-container>.elementor-spacer,.e-con>.elementor-widget-spacer>.elementor-widget-container>.elementor-spacer{height:100%}.e-con-inner>.elementor-widget-spacer>.elementor-widget-container>.elementor-spacer>.elementor-spacer-inner,.e-con>.elementor-widget-spacer>.elementor-widget-container>.elementor-spacer>.elementor-spacer-inner{height:var(--container-widget-height,var(--spacer-size))}.e-con-inner>.elementor-widget-spacer.elementor-widget-empty,.e-con>.elementor-widget-spacer.elementor-widget-empty{position:relative;min-height:22px;min-width:22px}.e-con-inner>.elementor-widget-spacer.elementor-widget-empty .elementor-widget-empty-icon,.e-con>.elementor-widget-spacer.elementor-widget-empty .elementor-widget-empty-icon{position:absolute;top:0;bottom:0;left:0;right:0;margin:auto;padding:0;width:22px;height:22px}<\/style>\t\t<div class=\"elementor-spacer\">\n\t\t\t<div class=\"elementor-spacer-inner\"><\/div>\n\t\t<\/div>\n\t\t\t\t<\/div>\n\t\t\t\t<\/div>\n\t\t\t\t\t<\/div>\n\t\t\t\t<\/div>\n\t\t<div class=\"elementor-element elementor-element-2010514 e-flex e-con-boxed e-con e-parent\" data-id=\"2010514\" data-element_type=\"container\" data-core-v316-plus=\"true\">\n\t\t\t\t\t<div class=\"e-con-inner\">\n\t\t<div class=\"elementor-element elementor-element-ac8aa47 e-con-full e-flex e-con e-child\" data-id=\"ac8aa47\" data-element_type=\"container\">\n\t\t\t\t<div class=\"elementor-element elementor-element-f08c2fd elementor-widget elementor-widget-heading\" data-id=\"f08c2fd\" data-element_type=\"widget\" data-widget_type=\"heading.default\">\n\t\t\t\t<div class=\"elementor-widget-container\">\n\t\t\t<h2 class=\"elementor-heading-title elementor-size-default\">Hier finden Sie uns<\/h2>\t\t<\/div>\n\t\t\t\t<\/div>\n\t\t\t\t<div class=\"elementor-element elementor-element-2fcd07f elementor-widget elementor-widget-text-editor\" data-id=\"2fcd07f\" data-element_type=\"widget\" data-widget_type=\"text-editor.default\">\n\t\t\t\t<div class=\"elementor-widget-container\">\n\t\t\t\t\t\t\t<p>Marktplatz 6a \/ 8<br \/>96158 Frensdorf<\/p>\t\t\t\t\t\t<\/div>\n\t\t\t\t<\/div>\n\t\t\t\t<div class=\"elementor-element elementor-element-706c0b1 elementor-align-center elementor-hidden-tablet elementor-hidden-mobile elementor-widget elementor-widget-button\" data-id=\"706c0b1\" data-element_type=\"widget\" data-widget_type=\"button.default\">\n\t\t\t\t<div class=\"elementor-widget-container\">\n\t\t\t\t\t<div class=\"elementor-button-wrapper\">\n\t\t\t<a class=\"elementor-button elementor-button-link elementor-size-sm\" href=\"tel:+499502924217\">\n\t\t\t\t\t\t<span class=\"elementor-button-content-wrapper\">\n\t\t\t\t\t\t<span class=\"elementor-button-text\">09502 \/ 92 42 17<\/span>\n\t\t<\/span>\n\t\t\t\t\t<\/a>\n\t\t<\/div>\n\t\t\t\t<\/div>\n\t\t\t\t<\/div>\n\t\t\t\t<\/div>\n\t\t<div class=\"elementor-element elementor-element-4563539 e-con-full e-flex e-con e-child\" data-id=\"4563539\" data-element_type=\"container\">\n\t\t\t\t<div class=\"elementor-element elementor-element-3f13589 elementor-widget elementor-widget-google_maps\" data-id=\"3f13589\" data-element_type=\"widget\" data-widget_type=\"google_maps.default\">\n\t\t\t\t<div class=\"elementor-widget-container\">\n\t\t\t<style>\/*! elementor - v3.20.0 - 26-03-2024 *\/\n.elementor-widget-google_maps .elementor-widget-container{overflow:hidden}.elementor-widget-google_maps .elementor-custom-embed{line-height:0}.elementor-widget-google_maps iframe{height:300px}<\/style>\t\t<div class=\"elementor-custom-embed\">\n\t\t\t<iframe loading=\"lazy\"\n\t\t\t\t\tsrc=\"https:\/\/maps.google.com\/maps?q=elida%20frensdorf&#038;t=m&#038;z=10&#038;output=embed&#038;iwloc=near\"\n\t\t\t\t\ttitle=\"elida frensdorf\"\n\t\t\t\t\taria-label=\"elida frensdorf\"\n\t\t\t><\/iframe>\n\t\t<\/div>\n\t\t\t\t<\/div>\n\t\t\t\t<\/div>\n\t\t\t\t<\/div>\n\t\t\t\t\t<\/div>\n\t\t\t\t<\/div>\n\t\t\t\t<\/div>\n\t\t","protected":false},"excerpt":{"rendered":"<p>Kontakt \u00d6ffnungszeiten Pizzeria &#x1f550; Montag &#8211; Sonntag 17:00 &#8211; 22:00 Uhr &#x1f550; Dienstag Ruhetag \u00d6ffnungszeiten Eisdiele &#x1f4c5; M\u00e4rz &#8211; September [&hellip;]<\/p>\n","protected":false},"author":2,"featured_media":0,"parent":0,"menu_order":0,"comment_status":"closed","ping_status":"closed","template":"","meta":{"om_disable_all_campaigns":false,"_monsterinsights_skip_tracking":false,"_monsterinsights_sitenote_active":false,"_monsterinsights_sitenote_note":"","_monsterinsights_sitenote_category":0,"site-sidebar-layout":"no-sidebar","site-content-layout":"","ast-site-content-layout":"full-width-container","site-content-style":"default","site-sidebar-style":"default","ast-global-header-display":"","ast-banner-title-visibility":"","ast-main-header-display":"","ast-hfb-above-header-display":"","ast-hfb-below-header-display":"","ast-hfb-mobile-header-display":"","site-post-title":"disabled","ast-breadcrumbs-content":"","ast-featured-img":"disabled","footer-sml-layout":"","theme-transparent-header-meta":"","adv-header-id-meta":"","stick-header-meta":"","header-above-stick-meta":"","header-main-stick-meta":"","header-below-stick-meta":"","astra-migrate-meta-layouts":"default","ast-page-background-enabled":"default","ast-page-background-meta":{"desktop":{"background-color":"var(--ast-global-color-4)","background-image":"","background-repeat":"repeat","background-position":"center center","background-size":"auto","background-attachment":"scroll","background-type":"","background-media":"","overlay-type":"","overlay-color":"","overlay-gradient":""},"tablet":{"background-color":"","background-image":"","background-repeat":"repeat","background-position":"center center","background-size":"auto","background-attachment":"scroll","background-type":"","background-media":"","overlay-type":"","overlay-color":"","overlay-gradient":""},"mobile":{"background-color":"","background-image":"","background-repeat":"repeat","background-position":"center center","background-size":"auto","background-attachment":"scroll","background-type":"","background-media":"","overlay-type":"","overlay-color":"","overlay-gradient":""}},"ast-content-background-meta":{"desktop":{"background-color":"var(--ast-global-color-5)","background-image":"","background-repeat":"repeat","background-position":"center center","background-size":"auto","background-attachment":"scroll","background-type":"","background-media":"","overlay-type":"","overlay-color":"","overlay-gradient":""},"tablet":{"background-color":"var(--ast-global-color-5)","background-image":"","background-repeat":"repeat","background-position":"center center","background-size":"auto","background-attachment":"scroll","background-type":"","background-media":"","overlay-type":"","overlay-color":"","overlay-gradient":""},"mobile":{"background-color":"var(--ast-global-color-5)","background-image":"","background-repeat":"repeat","background-position":"center center","background-size":"auto","background-attachment":"scroll","background-type":"","background-media":"","overlay-type":"","overlay-color":"","overlay-gradient":""}},"footnotes":""},"yoast_head":"<!-- This site is optimized with the Yoast SEO plugin v21.6 - https:\/\/yoast.com\/wordpress\/plugins\/seo\/ -->\n<title>Kontakt - NEU - Pizzeria &amp; Eiscaf\u00e9 Elida Frensdorf<\/title>\n<meta name=\"robots\" content=\"index, follow, max-snippet:-1, max-image-preview:large, max-video-preview:-1\" \/>\n<link rel=\"canonical\" href=\"https:\/\/www.elida-frensdorf.de\/?page_id=4320\" \/>\n<meta property=\"og:locale\" content=\"de_DE\" \/>\n<meta property=\"og:type\" content=\"article\" \/>\n<meta property=\"og:title\" content=\"Kontakt - NEU - Pizzeria &amp; Eiscaf\u00e9 Elida Frensdorf\" \/>\n<meta property=\"og:description\" content=\"Kontakt \u00d6ffnungszeiten Pizzeria &#x1f550; Montag &#8211; Sonntag 17:00 &#8211; 22:00 Uhr &#x1f550; Dienstag Ruhetag \u00d6ffnungszeiten Eisdiele &#x1f4c5; M\u00e4rz &#8211; September [&hellip;]\" \/>\n<meta property=\"og:url\" content=\"https:\/\/www.elida-frensdorf.de\/?page_id=4320\" \/>\n<meta property=\"og:site_name\" content=\"Pizzeria &amp; Eiscaf\u00e9 Elida Frensdorf\" \/>\n<meta property=\"article:modified_time\" content=\"2024-03-28T15:43:25+00:00\" \/>\n<meta name=\"twitter:label1\" content=\"Gesch\u00e4tzte Lesezeit\" \/>\n\t<meta name=\"twitter:data1\" content=\"1\u00a0Minute\" \/>\n<script type=\"application\/ld+json\" class=\"yoast-schema-graph\">{\"@context\":\"https:\/\/schema.org\",\"@graph\":[{\"@type\":\"WebPage\",\"@id\":\"https:\/\/www.elida-frensdorf.de\/?page_id=4320\",\"url\":\"https:\/\/www.elida-frensdorf.de\/?page_id=4320\",\"name\":\"Kontakt - NEU - Pizzeria &amp; Eiscaf\u00e9 Elida Frensdorf\",\"isPartOf\":{\"@id\":\"https:\/\/www.elida-frensdorf.de\/#website\"},\"datePublished\":\"2024-03-28T15:34:03+00:00\",\"dateModified\":\"2024-03-28T15:43:25+00:00\",\"breadcrumb\":{\"@id\":\"https:\/\/www.elida-frensdorf.de\/?page_id=4320#breadcrumb\"},\"inLanguage\":\"de\",\"potentialAction\":[{\"@type\":\"ReadAction\",\"target\":[\"https:\/\/www.elida-frensdorf.de\/?page_id=4320\"]}]},{\"@type\":\"BreadcrumbList\",\"@id\":\"https:\/\/www.elida-frensdorf.de\/?page_id=4320#breadcrumb\",\"itemListElement\":[{\"@type\":\"ListItem\",\"position\":1,\"name\":\"Home\",\"item\":\"https:\/\/www.elida-frensdorf.de\/\"},{\"@type\":\"ListItem\",\"position\":2,\"name\":\"Kontakt &#8211; NEU\"}]},{\"@type\":\"WebSite\",\"@id\":\"https:\/\/www.elida-frensdorf.de\/#website\",\"url\":\"https:\/\/www.elida-frensdorf.de\/\",\"name\":\"Pizzeria &amp; Eiscaf\u00e9 Elida Frensdorf\",\"description\":\"Pizzeria &amp; Eiscaf\u00e9 Elida Frensdorf - Toni macht super Pizza und Eis\",\"potentialAction\":[{\"@type\":\"SearchAction\",\"target\":{\"@type\":\"EntryPoint\",\"urlTemplate\":\"https:\/\/www.elida-frensdorf.de\/?s={search_term_string}\"},\"query-input\":\"required name=search_term_string\"}],\"inLanguage\":\"de\"}]}<\/script>\n<!-- \/ Yoast SEO plugin. -->","yoast_head_json":{"title":"Kontakt - NEU - Pizzeria &amp; Eiscaf\u00e9 Elida Frensdorf","robots":{"index":"index","follow":"follow","max-snippet":"max-snippet:-1","max-image-preview":"max-image-preview:large","max-video-preview":"max-video-preview:-1"},"canonical":"https:\/\/www.elida-frensdorf.de\/?page_id=4320","og_locale":"de_DE","og_type":"article","og_title":"Kontakt - NEU - Pizzeria &amp; Eiscaf\u00e9 Elida Frensdorf","og_description":"Kontakt \u00d6ffnungszeiten Pizzeria &#x1f550; Montag &#8211; Sonntag 17:00 &#8211; 22:00 Uhr &#x1f550; Dienstag Ruhetag \u00d6ffnungszeiten Eisdiele &#x1f4c5; M\u00e4rz &#8211; September [&hellip;]","og_url":"https:\/\/www.elida-frensdorf.de\/?page_id=4320","og_site_name":"Pizzeria &amp; Eiscaf\u00e9 Elida Frensdorf","article_modified_time":"2024-03-28T15:43:25+00:00","twitter_misc":{"Gesch\u00e4tzte Lesezeit":"1\u00a0Minute"},"schema":{"@context":"https:\/\/schema.org","@graph":[{"@type":"WebPage","@id":"https:\/\/www.elida-frensdorf.de\/?page_id=4320","url":"https:\/\/www.elida-frensdorf.de\/?page_id=4320","name":"Kontakt - NEU - Pizzeria &amp; Eiscaf\u00e9 Elida Frensdorf","isPartOf":{"@id":"https:\/\/www.elida-frensdorf.de\/#website"},"datePublished":"2024-03-28T15:34:03+00:00","dateModified":"2024-03-28T15:43:25+00:00","breadcrumb":{"@id":"https:\/\/www.elida-frensdorf.de\/?page_id=4320#breadcrumb"},"inLanguage":"de","potentialAction":[{"@type":"ReadAction","target":["https:\/\/www.elida-frensdorf.de\/?page_id=4320"]}]},{"@type":"BreadcrumbList","@id":"https:\/\/www.elida-frensdorf.de\/?page_id=4320#breadcrumb","itemListElement":[{"@type":"ListItem","position":1,"name":"Home","item":"https:\/\/www.elida-frensdorf.de\/"},{"@type":"ListItem","position":2,"name":"Kontakt &#8211; NEU"}]},{"@type":"WebSite","@id":"https:\/\/www.elida-frensdorf.de\/#website","url":"https:\/\/www.elida-frensdorf.de\/","name":"Pizzeria &amp; Eiscaf\u00e9 Elida Frensdorf","description":"Pizzeria &amp; Eiscaf\u00e9 Elida Frensdorf - Toni macht super Pizza und Eis","potentialAction":[{"@type":"SearchAction","target":{"@type":"EntryPoint","urlTemplate":"https:\/\/www.elida-frensdorf.de\/?s={search_term_string}"},"query-input":"required name=search_term_string"}],"inLanguage":"de"}]}},"_links":{"self":[{"href":"http:\/\/www.elida-frensdorf.de\/index.php?rest_route=\/wp\/v2\/pages\/4320"}],"collection":[{"href":"http:\/\/www.elida-frensdorf.de\/index.php?rest_route=\/wp\/v2\/pages"}],"about":[{"href":"http:\/\/www.elida-frensdorf.de\/index.php?rest_route=\/wp\/v2\/types\/page"}],"author":[{"embeddable":true,"href":"http:\/\/www.elida-frensdorf.de\/index.php?rest_route=\/wp\/v2\/users\/2"}],"replies":[{"embeddable":true,"href":"http:\/\/www.elida-frensdorf.de\/index.php?rest_route=%2Fwp%2Fv2%2Fcomments&post=4320"}],"version-history":[{"count":16,"href":"http:\/\/www.elida-frensdorf.de\/index.php?rest_route=\/wp\/v2\/pages\/4320\/revisions"}],"predecessor-version":[{"id":4337,"href":"http:\/\/www.elida-frensdorf.de\/index.php?rest_route=\/wp\/v2\/pages\/4320\/revisions\/4337"}],"wp:attachment":[{"href":"http:\/\/www.elida-frensdorf.de\/index.php?rest_route=%2Fwp%2Fv2%2Fmedia&parent=4320"}],"curies":[{"name":"wp","href":"https:\/\/api.w.org\/{rel}","templated":true}]}}